{"id":1676,"date":"2021-11-16T09:05:34","date_gmt":"2021-11-16T09:05:34","guid":{"rendered":"https:\/\/web-321.de\/artistloft\/?page_id=1676"},"modified":"2021-11-16T09:31:33","modified_gmt":"2021-11-16T09:31:33","slug":"datenschutz","status":"publish","type":"page","link":"https:\/\/artist-loft.de\/?page_id=1676","title":{"rendered":"Datenschutz"},"content":{"rendered":"<p>\n    <a href=\"http:\/\/artist-loft.de\/\">Zur\u00fcck zur Startseite<\/a>\n<\/p>\n<div>\n<h1>Impressum<\/h1>\n<h2>Angaben gem\u00e4\u00df \u00a7 5 TMG<\/h2>\n<p>Sebastian Gr\u00f6ne<br \/>Am Dicken Turm 41<br \/>58636 Iserlohn<\/p>\n<h2>Kontakt<\/h2>\n<p>Telefon: 01722488605<br \/>E-Mail: info@artist-loft.de<\/p>\n<h2>EU-Streitschlichtung<\/h2>\n<p>Die Europ\u00e4ische Kommission stellt eine Plattform zur Online-Streitbeilegung (OS) bereit: <a href=\"https:\/\/ec.europa.eu\/consumers\/odr\/\" target=\"_blank\" rel=\"noopener noreferrer\">https:\/\/ec.europa.eu\/consumers\/odr\/<\/a>.<br \/>Unsere E-Mail-Adresse finden Sie oben im Impressum.<\/p>\n<h2>Verbraucher\u00adstreit\u00adbeilegung\/Universal\u00adschlichtungs\u00adstelle<\/h2>\n<p>Wir sind nicht bereit oder verpflichtet, an Streitbeilegungsverfahren vor einer Verbraucherschlichtungsstelle teilzunehmen.<\/p>\n<\/div>\n<p>\n    <a href=\"http:\/\/artist-loft.de\/\">Zur\u00fcck zur Startseite<\/a>\n<\/p>\n<p><!--more--><br \/>\n<!-- {\"name\":\"Datenschutz&Impressum\",\"type\":\"layout\",\"children\":[{\"type\":\"section\",\"props\":{\"style\":\"muted\",\"width\":\"default\",\"vertical_align\":\"middle\",\"title_position\":\"top-left\",\"title_rotation\":\"left\",\"title_breakpoint\":\"xl\",\"image_position\":\"center-center\",\"class\":\"overlay\",\"css\":\"\\n\\n.el-section{\\n    opacity:1;\\n}\"},\"children\":[{\"type\":\"row\",\"children\":[{\"type\":\"column\",\"props\":{\"image_position\":\"center-center\",\"media_overlay_gradient\":\"\"},\"children\":[]}]}],\"name\":\"page overlay\",\"modified\":\"2021-11-16T09:30:14.348Z\"},{\"type\":\"section\",\"props\":{\"style\":\"secondary\",\"width\":\"xsmall\",\"vertical_align\":\"middle\",\"title_position\":\"top-left\",\"title_rotation\":\"left\",\"title_breakpoint\":\"xl\",\"image_position\":\"center-center\"},\"children\":[{\"type\":\"row\",\"children\":[{\"type\":\"column\",\"props\":{\"image_position\":\"center-center\",\"media_overlay_gradient\":\"\"},\"children\":[{\"type\":\"button\",\"props\":{\"grid_column_gap\":\"small\",\"grid_row_gap\":\"small\",\"margin\":\"default\",\"text_align\":\"right\"},\"children\":[{\"type\":\"button_item\",\"props\":{\"button_style\":\"default\",\"icon_align\":\"left\",\"content\":\"Zur\\u00fcck zur Startseite\",\"link\":\"http:\\\/\\\/artist-loft.de\\\/\"}}]}]}]},{\"type\":\"row\",\"children\":[{\"type\":\"column\",\"props\":{\"image_position\":\"center-center\",\"media_overlay_gradient\":\"\"},\"children\":[{\"type\":\"text\",\"props\":{\"margin\":\"default\",\"column_breakpoint\":\"m\",\"content\":\"\n\n<h1>Impressum<\\\/h1>\\n\n\n<h2>Angaben gem\\u00e4\\u00df \\u00a7 5 TMG<\\\/h2>\\n\n\n<p>Sebastian Gr\\u00f6ne<br \\\/>Am Dicken Turm 41<br \\\/>58636 Iserlohn<\\\/p>\\n\n\n<h2>Kontakt<\\\/h2>\\n\n\n<p>Telefon: 01722488605<br \\\/>E-Mail: info@artist-loft.de<\\\/p>\\n\n\n<h2>EU-Streitschlichtung<\\\/h2>\\n\n\n<p>Die Europ\\u00e4ische Kommission stellt eine Plattform zur Online-Streitbeilegung (OS) bereit: <a href=\\\"https:\\\/\\\/ec.europa.eu\\\/consumers\\\/odr\\\/\\\" target=\\\"_blank\\\" rel=\\\"noopener noreferrer\\\">https:\\\/\\\/ec.europa.eu\\\/consumers\\\/odr\\\/<\\\/a>.<br \\\/>Unsere E-Mail-Adresse finden Sie oben im Impressum.<\\\/p>\\n\n\n<h2>Verbraucher\\u00adstreit\\u00adbeilegung\\\/Universal\\u00adschlichtungs\\u00adstelle<\\\/h2>\\n\n\n<p>Wir sind nicht bereit oder verpflichtet, an Streitbeilegungsverfahren vor einer Verbraucherschlichtungsstelle teilzunehmen.<\\\/p>\"}}]}]},{\"type\":\"row\",\"children\":[{\"type\":\"column\",\"props\":{\"image_position\":\"center-center\",\"media_overlay_gradient\":\"\"},\"children\":[{\"type\":\"button\",\"props\":{\"grid_column_gap\":\"small\",\"grid_row_gap\":\"small\",\"margin\":\"default\",\"text_align\":\"right\"},\"children\":[{\"type\":\"button_item\",\"props\":{\"button_style\":\"default\",\"icon_align\":\"left\",\"content\":\"Zur\\u00fcck zur Startseite\",\"link\":\"http:\\\/\\\/artist-loft.de\\\/\"}}]}]}]}]}],\"version\":\"2.5.10\"} --><\/p>\n","protected":false},"excerpt":{"rendered":"<p>Zur\u00fcck zur Startseite Impressum Angaben gem\u00e4\u00df \u00a7 5 TMG Sebastian Gr\u00f6neAm Dicken Turm 4158636 Iserlohn Kontakt Telefon: 01722488605E-Mail: info@artist-loft.de EU-Streitschlichtung Die Europ\u00e4ische Kommission stellt eine Plattform zur Online-Streitbeilegung (OS) bereit: https:\/\/ec.europa.eu\/consumers\/odr\/.Unsere E-Mail-Adresse finden Sie oben im Impressum. Verbraucher\u00adstreit\u00adbeilegung\/Universal\u00adschlichtungs\u00adstelle Wir sind nicht bereit oder verpflichtet, an Streitbeilegungsverfahren vor einer Verbraucherschlichtungsstelle teilzunehmen. Zur\u00fcck zur Startseite<\/p>\n","protected":false},"author":1,"featured_media":0,"parent":0,"menu_order":0,"comment_status":"closed","ping_status":"closed","template":"","meta":[],"_links":{"self":[{"href":"https:\/\/artist-loft.de\/index.php?rest_route=\/wp\/v2\/pages\/1676"}],"collection":[{"href":"https:\/\/artist-loft.de\/index.php?rest_route=\/wp\/v2\/pages"}],"about":[{"href":"https:\/\/artist-loft.de\/index.php?rest_route=\/wp\/v2\/types\/page"}],"author":[{"embeddable":true,"href":"https:\/\/artist-loft.de\/index.php?rest_route=\/wp\/v2\/users\/1"}],"replies":[{"embeddable":true,"href":"https:\/\/artist-loft.de\/index.php?rest_route=%2Fwp%2Fv2%2Fcomments&post=1676"}],"version-history":[{"count":3,"href":"https:\/\/artist-loft.de\/index.php?rest_route=\/wp\/v2\/pages\/1676\/revisions"}],"predecessor-version":[{"id":1684,"href":"https:\/\/artist-loft.de\/index.php?rest_route=\/wp\/v2\/pages\/1676\/revisions\/1684"}],"wp:attachment":[{"href":"https:\/\/artist-loft.de\/index.php?rest_route=%2Fwp%2Fv2%2Fmedia&parent=1676"}],"curies":[{"name":"wp","href":"https:\/\/api.w.org\/{rel}","templated":true}]}}